{"id":874,"date":"2021-12-08T20:01:39","date_gmt":"2021-12-08T23:01:39","guid":{"rendered":"http:\/\/realpratica.com.br\/?page_id=874"},"modified":"2022-02-13T17:49:30","modified_gmt":"2022-02-13T20:49:30","slug":"angela-e-andrea","status":"publish","type":"page","link":"https:\/\/realpratica.com.br\/?page_id=874","title":{"rendered":"Angela e Andrea"},"content":{"rendered":"\t\t<div data-elementor-type=\"wp-page\" data-elementor-id=\"874\" class=\"elementor elementor-874\" data-elementor-settings=\"[]\">\n\t\t\t\t\t\t\t<div class=\"elementor-section-wrap\">\n\t\t\t\t\t\t\t<section class=\"elementor-section elementor-top-section elementor-element elementor-element-a503493 elementor-section-boxed elementor-section-height-default elementor-section-height-default\" data-id=\"a503493\" data-element_type=\"section\">\n\t\t\t\t\t\t<div class=\"elementor-container elementor-column-gap-default\">\n\t\t\t\t\t<div class=\"elementor-column elementor-col-100 elementor-top-column elementor-element elementor-element-3df6ecb\" data-id=\"3df6ecb\" data-element_type=\"column\">\n\t\t\t<div class=\"elementor-widget-wrap elementor-element-populated\">\n\t\t\t\t\t\t\t\t<div class=\"elementor-element elementor-element-7c2d15c elementor-widget elementor-widget-spacer\" data-id=\"7c2d15c\" data-element_type=\"widget\" data-widget_type=\"spacer.default\">\n\t\t\t\t<div class=\"elementor-widget-container\">\n\t\t\t\t\t<div class=\"elementor-spacer\">\n\t\t\t<div class=\"elementor-spacer-inner\"><\/div>\n\t\t<\/div>\n\t\t\t\t<\/div>\n\t\t\t\t<\/div>\n\t\t\t\t<section class=\"elementor-section elementor-inner-section elementor-element elementor-element-464bdb1 elementor-section-boxed elementor-section-height-default elementor-section-height-default\" data-id=\"464bdb1\" data-element_type=\"section\">\n\t\t\t\t\t\t<div class=\"elementor-container elementor-column-gap-default\">\n\t\t\t\t\t<div class=\"elementor-column elementor-col-100 elementor-inner-column elementor-element elementor-element-28fb596\" data-id=\"28fb596\" data-element_type=\"column\">\n\t\t\t<div class=\"elementor-widget-wrap elementor-element-populated\">\n\t\t\t\t\t\t\t\t<div class=\"elementor-element elementor-element-347354a elementor-widget elementor-widget-image\" data-id=\"347354a\" data-element_type=\"widget\" data-widget_type=\"image.default\">\n\t\t\t\t<div class=\"elementor-widget-container\">\n\t\t\t\t\t\t\t\t\t\t\t\t\t\t\t<img loading=\"lazy\" decoding=\"async\" width=\"353\" height=\"43\" src=\"https:\/\/realpratica.com.br\/wp-content\/uploads\/2021\/11\/A-Real-Pratica.png\" class=\"attachment-large size-large\" alt=\"\" srcset=\"https:\/\/realpratica.com.br\/wp-content\/uploads\/2021\/11\/A-Real-Pratica.png 353w, https:\/\/realpratica.com.br\/wp-content\/uploads\/2021\/11\/A-Real-Pratica-300x37.png 300w\" sizes=\"auto, (max-width: 353px) 100vw, 353px\" \/>\t\t\t\t\t\t\t\t\t\t\t\t\t\t\t<\/div>\n\t\t\t\t<\/div>\n\t\t\t\t<div class=\"elementor-element elementor-element-7fa2dec elementor-widget elementor-widget-text-editor\" data-id=\"7fa2dec\" data-element_type=\"widget\" data-widget_type=\"text-editor.default\">\n\t\t\t\t<div class=\"elementor-widget-container\">\n\t\t\t\t\t\t\t<p style=\"margin-right: 0px; margin-bottom: 8px; margin-left: 0px; text-overflow: ellipsis; color: #172b4d; font-family: -apple-system, 'system-ui', 'Segoe UI', Roboto, 'Noto Sans', Ubuntu, 'Droid Sans', 'Helvetica Neue', sans-serif; font-size: 14px;\">Andrea e Angela Camargo fundaram a Real Pr\u00e1tica com o ideal de serem mentoras dos graduandos e dos iniciantes na advocacia para auxili\u00e1-los nesse \u00e1rduo come\u00e7o de profiss\u00e3o.<\/p><p style=\"margin-right: 0px; margin-bottom: 8px; margin-left: 0px; text-overflow: ellipsis; color: #172b4d; font-family: -apple-system, 'system-ui', 'Segoe UI', Roboto, 'Noto Sans', Ubuntu, 'Droid Sans', 'Helvetica Neue', sans-serif; font-size: 14px;\">O conhecimento adquirido, nos 16 anos como advogadas, foi todo transformado e segmentado em cursos. A ideia \u00e9 de antecipar, abrandar e at\u00e9 mesmo eliminar as dificuldades e medos, preparando o aluno para ter seguran\u00e7a, compet\u00eancia e conhecimento para ser um grande advogado na pr\u00e1tica.<\/p><p style=\"margin-right: 0px; margin-bottom: 0px; margin-left: 0px; text-overflow: ellipsis; color: #172b4d; font-family: -apple-system, 'system-ui', 'Segoe UI', Roboto, 'Noto Sans', Ubuntu, 'Droid Sans', 'Helvetica Neue', sans-serif; font-size: 14px;\">A Real Pr\u00e1tica hoje ensina todo este conte\u00fado atrav\u00e9s de: videoaulas (pelo site), WORKSHOPS (cursos presenciais) organizados em sua sede, Vit\u00f3ria ES, e aulas em Faculdades de Direito renomadas no Brasil.<\/p>\t\t\t\t\t\t<\/div>\n\t\t\t\t<\/div>\n\t\t\t\t\t<\/div>\n\t\t<\/div>\n\t\t\t\t\t\t\t<\/div>\n\t\t<\/section>\n\t\t\t\t\t<\/div>\n\t\t<\/div>\n\t\t\t\t\t\t\t<\/div>\n\t\t<\/section>\n\t\t\t\t<section class=\"elementor-section elementor-top-section elementor-element elementor-element-220293b elementor-section-boxed elementor-section-height-default elementor-section-height-default\" data-id=\"220293b\" data-element_type=\"section\" data-settings=\"{&quot;background_background&quot;:&quot;classic&quot;}\">\n\t\t\t\t\t\t\t<div class=\"elementor-background-overlay\"><\/div>\n\t\t\t\t\t\t\t<div class=\"elementor-container elementor-column-gap-default\">\n\t\t\t\t\t<div class=\"elementor-column elementor-col-33 elementor-top-column elementor-element elementor-element-15a0ce3\" data-id=\"15a0ce3\" data-element_type=\"column\">\n\t\t\t<div class=\"elementor-widget-wrap elementor-element-populated\">\n\t\t\t\t\t\t\t\t<div class=\"elementor-element elementor-element-747fb75 elementor-hidden-desktop elementor-hidden-tablet elementor-widget elementor-widget-image\" data-id=\"747fb75\" data-element_type=\"widget\" data-widget_type=\"image.default\">\n\t\t\t\t<div class=\"elementor-widget-container\">\n\t\t\t\t\t\t\t\t\t\t\t\t\t\t\t<img loading=\"lazy\" decoding=\"async\" width=\"800\" height=\"881\" src=\"https:\/\/realpratica.com.br\/wp-content\/uploads\/2021\/12\/andrea-930x1024.png\" class=\"attachment-large size-large\" alt=\"\" srcset=\"https:\/\/realpratica.com.br\/wp-content\/uploads\/2021\/12\/andrea-930x1024.png 930w, https:\/\/realpratica.com.br\/wp-content\/uploads\/2021\/12\/andrea-273x300.png 273w, https:\/\/realpratica.com.br\/wp-content\/uploads\/2021\/12\/andrea-768x845.png 768w, https:\/\/realpratica.com.br\/wp-content\/uploads\/2021\/12\/andrea-1396x1536.png 1396w, https:\/\/realpratica.com.br\/wp-content\/uploads\/2021\/12\/andrea-1861x2048.png 1861w\" sizes=\"auto, (max-width: 800px) 100vw, 800px\" \/>\t\t\t\t\t\t\t\t\t\t\t\t\t\t\t<\/div>\n\t\t\t\t<\/div>\n\t\t\t\t<div class=\"elementor-element elementor-element-85160d0 elementor-widget elementor-widget-heading\" data-id=\"85160d0\" data-element_type=\"widget\" data-widget_type=\"heading.default\">\n\t\t\t\t<div class=\"elementor-widget-container\">\n\t\t\t<h2 class=\"elementor-heading-title elementor-size-default\">Dra. Andrea Camargo<\/h2>\t\t<\/div>\n\t\t\t\t<\/div>\n\t\t\t\t<div class=\"elementor-element elementor-element-ced6d7f elementor-hidden-mobile elementor-widget elementor-widget-spacer\" data-id=\"ced6d7f\" data-element_type=\"widget\" data-widget_type=\"spacer.default\">\n\t\t\t\t<div class=\"elementor-widget-container\">\n\t\t\t\t\t<div class=\"elementor-spacer\">\n\t\t\t<div class=\"elementor-spacer-inner\"><\/div>\n\t\t<\/div>\n\t\t\t\t<\/div>\n\t\t\t\t<\/div>\n\t\t\t\t<div class=\"elementor-element elementor-element-af6c12c elementor-widget elementor-widget-text-editor\" data-id=\"af6c12c\" data-element_type=\"widget\" data-widget_type=\"text-editor.default\">\n\t\t\t\t<div class=\"elementor-widget-container\">\n\t\t\t\t\t\t\t<ul><li>Especialista em Direito Processual \/FDV \u2013 Faculdade de Direito de Vit\u00f3ria \u00a0\u2013 <strong>(2017-2018)<\/strong><\/li><\/ul><p>\u00a0<\/p><ul><li>Especialista em Direito Empresarial, MBA da Funda\u00e7\u00e3o Get\u00falio Vargas \/Vit\u00f3ria \u2013 ES \u2013 <strong>(2010-2012)<\/strong><\/li><\/ul><p>\u00a0<\/p><ul><li>Mestre em Direitos e Garantias Fundamentais \/FDV \u2013 Faculdade de Direito de Vit\u00f3ria \u2013 <strong>(2007)<\/strong><\/li><\/ul><p>\u00a0<\/p><ul><li>P\u00f3s-Graduada em Ci\u00eancias Jur\u00eddicas Diex\/Ielf \u2013 <strong>(2005 \u2013 2006)<\/strong><\/li><\/ul><p>\u00a0<\/p><ul><li>Graduada em Direito, Faculdades Integradas de Vit\u00f3ria \/FDV \u2013 <strong>(2004)<\/strong><\/li><\/ul>\t\t\t\t\t\t<\/div>\n\t\t\t\t<\/div>\n\t\t\t\t<div class=\"elementor-element elementor-element-4058413 elementor-hidden-desktop elementor-hidden-tablet elementor-widget elementor-widget-spacer\" data-id=\"4058413\" data-element_type=\"widget\" data-widget_type=\"spacer.default\">\n\t\t\t\t<div class=\"elementor-widget-container\">\n\t\t\t\t\t<div class=\"elementor-spacer\">\n\t\t\t<div class=\"elementor-spacer-inner\"><\/div>\n\t\t<\/div>\n\t\t\t\t<\/div>\n\t\t\t\t<\/div>\n\t\t\t\t\t<\/div>\n\t\t<\/div>\n\t\t\t\t<div class=\"elementor-column elementor-col-33 elementor-top-column elementor-element elementor-element-7afa381\" data-id=\"7afa381\" data-element_type=\"column\">\n\t\t\t<div class=\"elementor-widget-wrap elementor-element-populated\">\n\t\t\t\t\t\t\t\t<div class=\"elementor-element elementor-element-fc0c83c elementor-hidden-mobile elementor-widget elementor-widget-image\" data-id=\"fc0c83c\" data-element_type=\"widget\" data-widget_type=\"image.default\">\n\t\t\t\t<div class=\"elementor-widget-container\">\n\t\t\t\t\t\t\t\t\t\t\t\t\t\t\t<img decoding=\"async\" src=\"https:\/\/realpratica.com.br\/wp-content\/uploads\/elementor\/thumbs\/L0A3232-scaled-ph8facubjllw0kqkyiq918hqad9zjffxptbk91z9z6.jpg\" title=\"_L0A3232\" alt=\"_L0A3232\" \/>\t\t\t\t\t\t\t\t\t\t\t\t\t\t\t<\/div>\n\t\t\t\t<\/div>\n\t\t\t\t\t<\/div>\n\t\t<\/div>\n\t\t\t\t<div class=\"elementor-column elementor-col-33 elementor-top-column elementor-element elementor-element-7cfd6cc\" data-id=\"7cfd6cc\" data-element_type=\"column\">\n\t\t\t<div class=\"elementor-widget-wrap elementor-element-populated\">\n\t\t\t\t\t\t\t\t<div class=\"elementor-element elementor-element-bb24f66 elementor-hidden-desktop elementor-hidden-tablet elementor-widget elementor-widget-image\" data-id=\"bb24f66\" data-element_type=\"widget\" data-widget_type=\"image.default\">\n\t\t\t\t<div class=\"elementor-widget-container\">\n\t\t\t\t\t\t\t\t\t\t\t\t\t\t\t<img loading=\"lazy\" decoding=\"async\" width=\"800\" height=\"881\" src=\"https:\/\/realpratica.com.br\/wp-content\/uploads\/2021\/12\/angela-930x1024.png\" class=\"attachment-large size-large\" alt=\"\" srcset=\"https:\/\/realpratica.com.br\/wp-content\/uploads\/2021\/12\/angela-930x1024.png 930w, https:\/\/realpratica.com.br\/wp-content\/uploads\/2021\/12\/angela-273x300.png 273w, https:\/\/realpratica.com.br\/wp-content\/uploads\/2021\/12\/angela-768x845.png 768w, https:\/\/realpratica.com.br\/wp-content\/uploads\/2021\/12\/angela-1396x1536.png 1396w, https:\/\/realpratica.com.br\/wp-content\/uploads\/2021\/12\/angela-1861x2048.png 1861w\" sizes=\"auto, (max-width: 800px) 100vw, 800px\" \/>\t\t\t\t\t\t\t\t\t\t\t\t\t\t\t<\/div>\n\t\t\t\t<\/div>\n\t\t\t\t<div class=\"elementor-element elementor-element-85383e7 elementor-widget elementor-widget-heading\" data-id=\"85383e7\" data-element_type=\"widget\" data-widget_type=\"heading.default\">\n\t\t\t\t<div class=\"elementor-widget-container\">\n\t\t\t<h2 class=\"elementor-heading-title elementor-size-default\">Dra. Angela Camargo<\/h2>\t\t<\/div>\n\t\t\t\t<\/div>\n\t\t\t\t<div class=\"elementor-element elementor-element-dc599ba elementor-hidden-mobile elementor-widget elementor-widget-spacer\" data-id=\"dc599ba\" data-element_type=\"widget\" data-widget_type=\"spacer.default\">\n\t\t\t\t<div class=\"elementor-widget-container\">\n\t\t\t\t\t<div class=\"elementor-spacer\">\n\t\t\t<div class=\"elementor-spacer-inner\"><\/div>\n\t\t<\/div>\n\t\t\t\t<\/div>\n\t\t\t\t<\/div>\n\t\t\t\t<div class=\"elementor-element elementor-element-c225c39 elementor-widget elementor-widget-text-editor\" data-id=\"c225c39\" data-element_type=\"widget\" data-widget_type=\"text-editor.default\">\n\t\t\t\t<div class=\"elementor-widget-container\">\n\t\t\t\t\t\t\t<ul><li>Especialista em Direito Processual \/FDV \u2013 Faculdade de Direito de Vit\u00f3ria \u00a0\u2013 <strong>(2017-2018)<\/strong><\/li><\/ul><p>\u00a0<\/p><ul><li>Especialista em Direito Tribut\u00e1rio, MBA da Funda\u00e7\u00e3o Get\u00falio Vargas \/Vit\u00f3ria \u2013 ES \u2013 <strong>(2010-2012)<\/strong><\/li><\/ul><p>\u00a0<\/p><ul><li>Mestre em Direitos e Garantias Fundamentais \/FDV \u2013 Faculdade de Direito de Vit\u00f3ria \u2013 <strong>(2007)<\/strong><\/li><\/ul><p>\u00a0<\/p><ul><li>P\u00f3s-Graduada em Ci\u00eancias Jur\u00eddicas Diex\/Ielf \u2013 <strong>(2005 \u2013 2006)<\/strong><\/li><\/ul><p>\u00a0<\/p><ul><li>Graduada em Direito, Faculdades Integradas de Vit\u00f3ria \/FDV \u2013 <strong>(2004)<\/strong><\/li><\/ul>\t\t\t\t\t\t<\/div>\n\t\t\t\t<\/div>\n\t\t\t\t\t<\/div>\n\t\t<\/div>\n\t\t\t\t\t\t\t<\/div>\n\t\t<\/section>\n\t\t\t\t<section class=\"elementor-section elementor-top-section elementor-element elementor-element-301ddd6 elementor-section-boxed elementor-section-height-default elementor-section-height-default\" data-id=\"301ddd6\" data-element_type=\"section\">\n\t\t\t\t\t\t<div class=\"elementor-container elementor-column-gap-default\">\n\t\t\t\t\t<div class=\"elementor-column elementor-col-100 elementor-top-column elementor-element elementor-element-8f789fd\" data-id=\"8f789fd\" data-element_type=\"column\">\n\t\t\t<div class=\"elementor-widget-wrap elementor-element-populated\">\n\t\t\t\t\t\t\t\t<div class=\"elementor-element elementor-element-bbff94f elementor-widget elementor-widget-spacer\" data-id=\"bbff94f\" data-element_type=\"widget\" data-widget_type=\"spacer.default\">\n\t\t\t\t<div class=\"elementor-widget-container\">\n\t\t\t\t\t<div class=\"elementor-spacer\">\n\t\t\t<div class=\"elementor-spacer-inner\"><\/div>\n\t\t<\/div>\n\t\t\t\t<\/div>\n\t\t\t\t<\/div>\n\t\t\t\t\t<\/div>\n\t\t<\/div>\n\t\t\t\t\t\t\t<\/div>\n\t\t<\/section>\n\t\t\t\t\t\t<\/div>\n\t\t\t\t\t<\/div>\n\t\t","protected":false},"excerpt":{"rendered":"<p>Andrea e Angela Camargo fundaram a Real Pr\u00e1tica com o ideal de serem mentoras dos graduandos e dos iniciantes na advocacia para auxili\u00e1-los nesse \u00e1rduo come\u00e7o de profiss\u00e3o. O conhecimento adquirido, nos 16 anos como advogadas, foi todo transformado e segmentado em cursos. A ideia \u00e9 de antecipar, abrandar e at\u00e9 mesmo eliminar as dificuldades [&hellip;]<\/p>\n","protected":false},"author":1,"featured_media":0,"parent":0,"menu_order":0,"comment_status":"closed","ping_status":"closed","template":"elementor_header_footer","meta":{"footnotes":""},"class_list":["post-874","page","type-page","status-publish","hentry"],"_links":{"self":[{"href":"https:\/\/realpratica.com.br\/index.php?rest_route=\/wp\/v2\/pages\/874","targetHints":{"allow":["GET"]}}],"collection":[{"href":"https:\/\/realpratica.com.br\/index.php?rest_route=\/wp\/v2\/pages"}],"about":[{"href":"https:\/\/realpratica.com.br\/index.php?rest_route=\/wp\/v2\/types\/page"}],"author":[{"embeddable":true,"href":"https:\/\/realpratica.com.br\/index.php?rest_route=\/wp\/v2\/users\/1"}],"replies":[{"embeddable":true,"href":"https:\/\/realpratica.com.br\/index.php?rest_route=%2Fwp%2Fv2%2Fcomments&post=874"}],"version-history":[{"count":22,"href":"https:\/\/realpratica.com.br\/index.php?rest_route=\/wp\/v2\/pages\/874\/revisions"}],"predecessor-version":[{"id":941,"href":"https:\/\/realpratica.com.br\/index.php?rest_route=\/wp\/v2\/pages\/874\/revisions\/941"}],"wp:attachment":[{"href":"https:\/\/realpratica.com.br\/index.php?rest_route=%2Fwp%2Fv2%2Fmedia&parent=874"}],"curies":[{"name":"wp","href":"https:\/\/api.w.org\/{rel}","templated":true}]}}