{"id":772,"date":"2021-11-19T14:38:29","date_gmt":"2021-11-19T17:38:29","guid":{"rendered":"http:\/\/realpratica.com.br\/?page_id=772"},"modified":"2022-02-13T19:53:02","modified_gmt":"2022-02-13T22:53:02","slug":"publicacao","status":"publish","type":"page","link":"https:\/\/realpratica.com.br\/?page_id=772","title":{"rendered":"Publica\u00e7\u00f5es"},"content":{"rendered":"\t\t<div data-elementor-type=\"wp-page\" data-elementor-id=\"772\" class=\"elementor elementor-772\" data-elementor-settings=\"[]\">\n\t\t\t\t\t\t\t<div class=\"elementor-section-wrap\">\n\t\t\t\t\t\t\t<section class=\"elementor-section elementor-top-section elementor-element elementor-element-9367bba elementor-section-boxed elementor-section-height-default elementor-section-height-default\" data-id=\"9367bba\" data-element_type=\"section\">\n\t\t\t\t\t\t<div class=\"elementor-container elementor-column-gap-default\">\n\t\t\t\t\t<div class=\"elementor-column elementor-col-50 elementor-top-column elementor-element elementor-element-263ada5\" data-id=\"263ada5\" data-element_type=\"column\">\n\t\t\t<div class=\"elementor-widget-wrap elementor-element-populated\">\n\t\t\t\t\t\t\t\t<div class=\"elementor-element elementor-element-14ebabf elementor-widget elementor-widget-image\" data-id=\"14ebabf\" data-element_type=\"widget\" data-widget_type=\"image.default\">\n\t\t\t\t<div class=\"elementor-widget-container\">\n\t\t\t\t\t\t\t\t\t\t\t\t\t\t\t<img loading=\"lazy\" decoding=\"async\" width=\"445\" height=\"78\" src=\"https:\/\/realpratica.com.br\/wp-content\/uploads\/2021\/11\/Publicacoes.png\" class=\"attachment-large size-large\" alt=\"\" srcset=\"https:\/\/realpratica.com.br\/wp-content\/uploads\/2021\/11\/Publicacoes.png 445w, https:\/\/realpratica.com.br\/wp-content\/uploads\/2021\/11\/Publicacoes-300x53.png 300w\" sizes=\"auto, (max-width: 445px) 100vw, 445px\" \/>\t\t\t\t\t\t\t\t\t\t\t\t\t\t\t<\/div>\n\t\t\t\t<\/div>\n\t\t\t\t\t<\/div>\n\t\t<\/div>\n\t\t\t\t<div class=\"elementor-column elementor-col-50 elementor-top-column elementor-element elementor-element-7a8cf99\" data-id=\"7a8cf99\" data-element_type=\"column\">\n\t\t\t<div class=\"elementor-widget-wrap\">\n\t\t\t\t\t\t\t\t\t<\/div>\n\t\t<\/div>\n\t\t\t\t\t\t\t<\/div>\n\t\t<\/section>\n\t\t\t\t<section class=\"elementor-section elementor-top-section elementor-element elementor-element-18895e8 elementor-section-boxed elementor-section-height-default elementor-section-height-default\" data-id=\"18895e8\" data-element_type=\"section\">\n\t\t\t\t\t\t<div class=\"elementor-container elementor-column-gap-default\">\n\t\t\t\t\t<div class=\"elementor-column elementor-col-100 elementor-top-column elementor-element elementor-element-04fa28c\" data-id=\"04fa28c\" data-element_type=\"column\">\n\t\t\t<div class=\"elementor-widget-wrap elementor-element-populated\">\n\t\t\t\t\t\t\t\t<div class=\"elementor-element elementor-element-fef8223 elementor-widget elementor-widget-elementskit-blog-posts\" data-id=\"fef8223\" data-element_type=\"widget\" data-widget_type=\"elementskit-blog-posts.default\">\n\t\t\t\t<div class=\"elementor-widget-container\">\n\t\t\t<div class=\"ekit-wid-con\" >        <div id=\"post-items--fef8223\" class=\"row post-items\">\n                    <div class=\"col-lg-4 col-md-6\">\n\n                                    <div class=\"elementskit-post-image-card\">\n                        <div class=\"elementskit-entry-header\">\n                            \n                            \n                                                    <\/div><!-- .elementskit-entry-header END -->\n\n                        <div class=\"elementskit-post-body \">\n                            \n                                                                                                                                                        \n                                        \n                                                                                                <h2 class=\"entry-title\">\n                    <a href=\"https:\/\/realpratica.com.br\/?p=931\">\n                            Precedentes na pratica                    <\/a>\n                <\/h2>\n                                                                                                                                                                                            <p>Voc\u00ea fica perdido em como aplicar na pr\u00e1tica a teoria dos procedentes? \u00c9 fundamental prestar aten\u00e7\u00e3o na an\u00e1lise do precedente. Antes de voc\u00ea pensar em distinguish ou overruling voc\u00ea tem que saber analisar a decis\u00e3o. A etapa anterior \u00e9 a mais importante, e \u00e9 sobre ela que falaremos agora. J\u00e1 salva o post para nunca [&hellip;]<\/p>\n                                                                                                                                                        <div class=\"btn-wraper\">\n                                    \n                                                                            <a href=\"https:\/\/realpratica.com.br\/?p=931\" class=\"elementskit-btn  whitespace--normal\" >\n                                                                                    LEIA MAIS                                        <\/a>\n                                                                    <\/div>\n                                                    <\/div><!-- .elementskit-post-body END -->\n                    <\/div>\n                \n            <\/div>\n                    <div class=\"col-lg-4 col-md-6\">\n\n                                    <div class=\"elementskit-post-image-card\">\n                        <div class=\"elementskit-entry-header\">\n                            \n                            \n                                                    <\/div><!-- .elementskit-entry-header END -->\n\n                        <div class=\"elementskit-post-body \">\n                            \n                                                                                                                                                        \n                                        \n                                                                                                <h2 class=\"entry-title\">\n                    <a href=\"https:\/\/realpratica.com.br\/?p=920\">\n                            Primeira reuni\u00e3o com cliente                    <\/a>\n                <\/h2>\n                                                                                                                                                                                            <p>Anota a\u00ed o Script da 1a Reuni\u00e3o:Os gatilhos mentais s\u00e3o fundamentais para voc\u00ea obter sucesso na sua negocia\u00e7\u00e3o. Em primeiro lugar saiba que qualquer rela\u00e7\u00e3o possui duas partes envolvidas e j\u00e1 come\u00e7a por a\u00ed a import\u00e2ncia dos gatilhos, deve ser constru\u00edda a rela\u00e7\u00e3o que come\u00e7a com o primeiro olhar, ou primeiro contato telef\u00f4nico. Voc\u00ea quer [&hellip;]<\/p>\n                                                                                                                                                        <div class=\"btn-wraper\">\n                                    \n                                                                            <a href=\"https:\/\/realpratica.com.br\/?p=920\" class=\"elementskit-btn  whitespace--normal\" >\n                                                                                    LEIA MAIS                                        <\/a>\n                                                                    <\/div>\n                                                    <\/div><!-- .elementskit-post-body END -->\n                    <\/div>\n                \n            <\/div>\n                    <div class=\"col-lg-4 col-md-6\">\n\n                                    <div class=\"elementskit-post-image-card\">\n                        <div class=\"elementskit-entry-header\">\n                            \n                            \n                                                    <\/div><!-- .elementskit-entry-header END -->\n\n                        <div class=\"elementskit-post-body \">\n                            \n                                                                                                                                                        \n                                        \n                                                                                                <h2 class=\"entry-title\">\n                    <a href=\"https:\/\/realpratica.com.br\/?p=918\">\n                            Sustenta\u00e7\u00e3o oral perfeita                    <\/a>\n                <\/h2>\n                                                                                                                                                                                            <p>Por qual raz\u00e3o n\u00f3s temos algumas dificuldades com a pr\u00e1tica, mas n\u00e3o buscamos conhecimento para sentirmos seguran\u00e7a? Ainda bem que voc\u00ea \u00e9 diferente e busca sempre se aprimorar nos conhecimentos pr\u00e1ticos! Anotem a\u00ed algumas condutas que n\u00e3o poder\u00e1 deixar de tomar para melhorar o seu resultado na sustenta\u00e7\u00e3o oral! Vamos l\u00e1 ao Passo a passo [&hellip;]<\/p>\n                                                                                                                                                        <div class=\"btn-wraper\">\n                                    \n                                                                            <a href=\"https:\/\/realpratica.com.br\/?p=918\" class=\"elementskit-btn  whitespace--normal\" >\n                                                                                    LEIA MAIS                                        <\/a>\n                                                                    <\/div>\n                                                    <\/div><!-- .elementskit-post-body END -->\n                    <\/div>\n                \n            <\/div>\n                <\/div>\n       <\/div>\t\t<\/div>\n\t\t\t\t<\/div>\n\t\t\t\t\t<\/div>\n\t\t<\/div>\n\t\t\t\t\t\t\t<\/div>\n\t\t<\/section>\n\t\t\t\t<section class=\"elementor-section elementor-top-section elementor-element elementor-element-1c022c8 elementor-section-boxed elementor-section-height-default elementor-section-height-default\" data-id=\"1c022c8\" data-element_type=\"section\">\n\t\t\t\t\t\t<div class=\"elementor-container elementor-column-gap-default\">\n\t\t\t\t\t<div class=\"elementor-column elementor-col-100 elementor-top-column elementor-element elementor-element-bcd958c\" data-id=\"bcd958c\" data-element_type=\"column\">\n\t\t\t<div class=\"elementor-widget-wrap elementor-element-populated\">\n\t\t\t\t\t\t\t\t<div class=\"elementor-element elementor-element-f50b6ea elementor-widget elementor-widget-spacer\" data-id=\"f50b6ea\" data-element_type=\"widget\" data-widget_type=\"spacer.default\">\n\t\t\t\t<div class=\"elementor-widget-container\">\n\t\t\t\t\t<div class=\"elementor-spacer\">\n\t\t\t<div class=\"elementor-spacer-inner\"><\/div>\n\t\t<\/div>\n\t\t\t\t<\/div>\n\t\t\t\t<\/div>\n\t\t\t\t\t<\/div>\n\t\t<\/div>\n\t\t\t\t\t\t\t<\/div>\n\t\t<\/section>\n\t\t\t\t\t\t<\/div>\n\t\t\t\t\t<\/div>\n\t\t","protected":false},"excerpt":{"rendered":"<p>Precedentes na pratica Voc\u00ea fica perdido em como aplicar na pr\u00e1tica a teoria dos procedentes? \u00c9 fundamental prestar aten\u00e7\u00e3o na an\u00e1lise do precedente. Antes de voc\u00ea pensar em distinguish ou overruling voc\u00ea tem que saber analisar a decis\u00e3o. A etapa anterior \u00e9 a mais importante, e \u00e9 sobre ela que falaremos agora. J\u00e1 salva o [&hellip;]<\/p>\n","protected":false},"author":1,"featured_media":0,"parent":0,"menu_order":0,"comment_status":"closed","ping_status":"closed","template":"elementor_header_footer","meta":{"footnotes":""},"class_list":["post-772","page","type-page","status-publish","hentry"],"_links":{"self":[{"href":"https:\/\/realpratica.com.br\/index.php?rest_route=\/wp\/v2\/pages\/772","targetHints":{"allow":["GET"]}}],"collection":[{"href":"https:\/\/realpratica.com.br\/index.php?rest_route=\/wp\/v2\/pages"}],"about":[{"href":"https:\/\/realpratica.com.br\/index.php?rest_route=\/wp\/v2\/types\/page"}],"author":[{"embeddable":true,"href":"https:\/\/realpratica.com.br\/index.php?rest_route=\/wp\/v2\/users\/1"}],"replies":[{"embeddable":true,"href":"https:\/\/realpratica.com.br\/index.php?rest_route=%2Fwp%2Fv2%2Fcomments&post=772"}],"version-history":[{"count":47,"href":"https:\/\/realpratica.com.br\/index.php?rest_route=\/wp\/v2\/pages\/772\/revisions"}],"predecessor-version":[{"id":972,"href":"https:\/\/realpratica.com.br\/index.php?rest_route=\/wp\/v2\/pages\/772\/revisions\/972"}],"wp:attachment":[{"href":"https:\/\/realpratica.com.br\/index.php?rest_route=%2Fwp%2Fv2%2Fmedia&parent=772"}],"curies":[{"name":"wp","href":"https:\/\/api.w.org\/{rel}","templated":true}]}}